{"id":289,"date":"2018-04-17T13:38:56","date_gmt":"2018-04-17T13:38:56","guid":{"rendered":"http:\/\/cinerama.edge-themes.com\/?page_id=289"},"modified":"2022-02-17T11:02:29","modified_gmt":"2022-02-17T11:02:29","slug":"main-studio","status":"publish","type":"page","link":"https:\/\/www.wolfpms.de\/","title":{"rendered":"Startseite"},"content":{"rendered":"<p>[vc_row][vc_column][vc_row_inner][vc_column_inner][\/vc_column_inner][\/vc_row_inner][rev_slider_vc alias=&#8220;movie-studio&#8220; enable_paspartu=&#8220;no&#8220;][\/vc_column][\/vc_row][vc_row row_content_width=&#8220;grid&#8220; css=&#8220;.vc_custom_1525691985076{padding-top: 60px !important;padding-bottom: 32px !important;}&#8220; simple_background_color=&#8220;#101113&#8243;][vc_column offset=&#8220;vc_col-lg-4 vc_col-md-4&#8243;]<div class=\"edgtf-elements-holder   edgtf-one-column  edgtf-responsive-mode-768 \" ><div class=\"edgtf-eh-item    \"  data-item-class=\"edgtf-eh-custom-4241\" data-1024-1366=\"8px 0 0 37%\" data-768-1024=\"0 0 0 15%\" data-680-768=\"10px 0 15px 0\" data-680=\"10px 0 15px 0\">\n\t<div class=\"edgtf-eh-item-inner\">\n\t\t<div class=\"edgtf-eh-item-content edgtf-eh-custom-4241\" style=\"padding: 10px 0 0 45%\">\n\t\t\t[vc_column_text]<\/p>\n<h3><span style=\"color: #ffffff;\">\u00dcber den Film<\/span><\/h3>\n<p>[\/vc_column_text]\t\t<\/div>\n\t<\/div>\n<\/div><\/div>[\/vc_column][vc_column offset=&#8220;vc_col-lg-8 vc_col-md-8&#8243;]<div class=\"edgtf-elements-holder   edgtf-one-column  edgtf-responsive-mode-768 \" ><div class=\"edgtf-eh-item    \"  data-item-class=\"edgtf-eh-custom-6187\" data-1024-1366=\"20px 14% 20px 0\" data-768-1024=\"10px 0 10px 0\" data-680-768=\"10px 0 10px 0\" data-680=\"10px 0 10px 0\">\n\t<div class=\"edgtf-eh-item-inner\">\n\t\t<div class=\"edgtf-eh-item-content edgtf-eh-custom-6187\" style=\"padding: 20px 14% 20px 0\">\n\t\t\t[vc_column_text]<span style=\"color: #ffffff;\">Wie f\u00e4ngt man das Werk eines K\u00fcnstlers am besten ein? Wir haben uns dazu entschlossen, keine halben Sachen zu machen. Gut Ding will Weile haben, weswegen wir WolfPMS \u00fcber ein Jahr mit der Kamera begleitet haben. Zusammen mit dem Kalligraffiti-K\u00fcnstler waren wir auf einer Messe in Paris, f\u00fchrten eine heikle Aktion in Dresden durch und erkundeten die DDR-Hinterlassenschaften in Ostdeutschland; immer auf der Suche nach dem perfekten Bild, der perfekten Ausdrucksform und dem Augenblick, in dem Farbe zur Kunst wird, eine Idee zur politischen Nachricht.<\/span>[\/vc_column_text]\t\t<\/div>\n\t<\/div>\n<\/div><\/div>[\/vc_column][\/vc_row][vc_row row_content_width=&#8220;grid&#8220; css=&#8220;.vc_custom_1643926522071{padding-top: 60px !important;padding-bottom: 60px !important;}&#8220; simple_background_color=&#8220;#101113&#8243;][vc_column][vc_video link=&#8220;https:\/\/www.youtube.com\/watch?v=O61baA-GL6E&#8220; align=&#8220;center&#8220;][\/vc_column][\/vc_row][vc_row simple_background_color=&#8220;#101113&#8243; css=&#8220;.vc_custom_1645095682202{padding-top: 60px !important;padding-bottom: 60px !important;}&#8220;][vc_column][vc_raw_html]JTNDYSUyMGhyZWYlM0QlMjJodHRwcyUzQSUyRiUyRnd3dy5laW5wcm96ZW50LXZlcnNhbmQuZGUlMkZ3b2xmLXBtcyUyRiUyMiUzRSUzQ2ltZyUyMHNyYyUzRCUyMmh0dHBzJTNBJTJGJTJGd3d3LndvbGZwbXMuZGUlMkZ3cC1jb250ZW50JTJGdXBsb2FkcyUyRjIwMjIlMkYwMiUyRnZlcnN0ZWlnZXJ1bmcuanBnJTIyJTIwc3R5bGUlM0QlMjJ3aWR0aCUzQTEwMCUyNSUyMiUyMCUyRiUzRSUzQyUyRmElM0U=[\/vc_raw_html][\/vc_column][\/vc_row][vc_row row_content_width=&#8220;grid&#8220; css=&#8220;.vc_custom_1525691985076{padding-top: 60px !important;padding-bottom: 32px !important;}&#8220; simple_background_color=&#8220;#101113&#8243;][vc_column offset=&#8220;vc_col-lg-4 vc_col-md-4&#8243;]<div class=\"edgtf-elements-holder   edgtf-one-column  edgtf-responsive-mode-768 \" ><div class=\"edgtf-eh-item    \"  data-item-class=\"edgtf-eh-custom-5899\" data-1024-1366=\"8px 0 0 37%\" data-768-1024=\"0 0 0 15%\" data-680-768=\"10px 0 15px 0\" data-680=\"10px 0 15px 0\">\n\t<div class=\"edgtf-eh-item-inner\">\n\t\t<div class=\"edgtf-eh-item-content edgtf-eh-custom-5899\" style=\"padding: 10px 0 0 45%\">\n\t\t\t[vc_column_text]<\/p>\n<h3><span style=\"color: #ffffff;\">Wir sammeln Geld<\/span><\/h3>\n<p>[\/vc_column_text]\t\t<\/div>\n\t<\/div>\n<\/div><\/div>[\/vc_column][vc_column offset=&#8220;vc_col-lg-8 vc_col-md-8&#8243;]<div class=\"edgtf-elements-holder   edgtf-one-column  edgtf-responsive-mode-768 \" ><div class=\"edgtf-eh-item    \"  data-item-class=\"edgtf-eh-custom-4377\" data-1024-1366=\"20px 14% 20px 0\" data-768-1024=\"10px 0 10px 0\" data-680-768=\"10px 0 10px 0\" data-680=\"10px 0 10px 0\">\n\t<div class=\"edgtf-eh-item-inner\">\n\t\t<div class=\"edgtf-eh-item-content edgtf-eh-custom-4377\" style=\"padding: 20px 14% 107px 0\">\n\t\t\t[vc_column_text]<\/p>\n<p style=\"color: #ffffff;\">Wer schon einmal zu einem professionellen Fotografen musste, vielleicht sogar einen Kameramann f\u00fcr die eigene Hochzeit engagiert hat, der wei\u00df, dass solche Aufnahmen schnell ins Geld gehen. Und jetzt stellen Sie sich einmal vor, was es kostet, einen K\u00fcnstler \u00fcber ein Jahr lang mit der Kamera und einem eigenen Team zu begleiten. Wir wissen es \u2013 und wir k\u00f6nnen es Ihnen sagen.<\/p>\n<p style=\"color: #ffffff;\">Doch Sie haben Gl\u00fcck: Wir haben schon vorgelegt. Ganz gleich, welche Spendensumme hier am Ende zusammenkommt, die Dokumentation ist gefilmt, geschnitten, produziert \u2013 und f\u00fcr Sie hier frei verf\u00fcgbar.\u00a0Klar ist jedoch: Technik, Reisen, Know-How, Material und vieles mehr haben uns eine ordentliche Stange Geld gekostet. Entstanden ist ein St\u00fcck Zeitgeschichte. Kurzum: Es hat sich gelohnt!<\/p>\n<p style=\"color: #ffffff;\">Jetzt ist es an Ihnen, uns bei den Unkosten zu helfen! Jeder Euro flie\u00dft direkt in die Gegenkultur \u2013 und so in neue Projekte.<\/p>\n<p style=\"color: #ffffff;\"><strong>Wer sich die Originale aus der Doku sichern und so weitere Projekte unterst\u00fctzen will, wird hier f\u00fcndig: <a style=\"color: #ffffff;\" href=\"https:\/\/www.einprozent-versand.de\/wolf-pms\/\">www.einprozent-versand.de<\/a><\/strong><\/p>\n<p>[\/vc_column_text]\t\t<\/div>\n\t<\/div>\n<\/div><\/div>[\/vc_column][\/vc_row][vc_row content_text_aligment=&#8220;center&#8220; css=&#8220;.vc_custom_1643979780544{padding-top: 60px !important;padding-bottom: 60px !important;}&#8220; simple_background_color=&#8220;#efefef&#8220; parallax_background_image=&#8220;3934&#8243; parallax_bg_speed=&#8220;0.5&#8243;][vc_column]<div class=\"edgtf-elements-holder   edgtf-one-column  edgtf-responsive-mode-768 \" ><div class=\"edgtf-eh-item    \"  data-item-class=\"edgtf-eh-custom-1010\">\n\t<div class=\"edgtf-eh-item-inner\">\n\t\t<div class=\"edgtf-eh-item-content edgtf-eh-custom-1010\" >\n\t\t\t[vc_column_text]<div class=\"give-embed-form-wrapper\" id=\"give-69fdc99312ad8\"><iframe\n\t\t\t\tname=\"give-embed-form\"\n\t\t\t\tsrc=\"https:\/\/www.wolfpms.de?give_form_id=donation-form&giveDonationFormInIframe=1&rest_route=%2Fwp%2Fv2%2Fpages%2F289#038;url_prefix=give\"\n\t\t\t\t\n\t\t\t\tdata-autoScroll=\"0\"\n\t\t\t\tonload=\"if( 'undefined' !== typeof Give ) { Give.initializeIframeResize(this) }\"\n\t\t\t\tstyle=\"border: 0;visibility: hidden;min-height: 721px;\"><\/iframe><div class=\"iframe-loader\">\n<div style=\"\n\t\theight: calc(100% - 28px);\n\t\twidth: calc(100% - 20px);\n\t\tmax-width: 552px;\n\t\tmargin: 10px auto 10px auto;\n\t\tbackground: transparent;\n\t\tborder-radius: 6px;\n\t\tdisplay: flex;\n\t\talign-items: center;\n\t\tjustify-content: center;\n\t\">\n    <div style=\"\n        pointer-events: none;\n        height: 90px;\n        width: 90px;\n        background-image: url(&quot;data:image\/svg+xml;charset=utf8,%3C?xml version='1.0' encoding='utf-8'?%3E%3C!-- Generator: Adobe Illustrator 24.1.0, SVG Export Plug-In . SVG Version: 6.00 Build 0) --%3E%3Csvg version='1.1' id='Layer_1' xmlns='http:\/\/www.w3.org\/2000\/svg' xmlns:xlink='http:\/\/www.w3.org\/1999\/xlink' x='0px' y='0px' viewBox='0 0 349 348' style='enable-background:new 0 0 349 348;' xml:space='preserve'%3E%3Cstyle type='text\/css'%3E .st0{fill:%230f0707;} %3C\/style%3E%3Cpath class='st0' d='M25.1,204.57c-13.38,0-24.47-10.6-24.97-24.08C0.04,178.09,0,175.97,0,174C0,77.78,78.28-0.5,174.5-0.5 c13.81,0,25,11.19,25,25s-11.19,25-25,25C105.85,49.5,50,105.35,50,174c0,1.37,0.03,2.85,0.1,4.65c0.51,13.8-10.27,25.39-24.07,25.9 C25.72,204.56,25.41,204.57,25.1,204.57z'\/%3E%3Cpath class='st0' d='M174.5,348.5c-13.81,0-25-11.19-25-25c0-13.81,11.19-25,25-25c68.65,0,124.5-55.85,124.5-124.5 c0-1.38-0.03-2.85-0.1-4.65c-0.51-13.8,10.26-25.4,24.06-25.91c13.83-0.53,25.4,10.26,25.91,24.06c0.09,2.39,0.13,4.51,0.13,6.49 C349,270.22,270.72,348.5,174.5,348.5z'\/%3E%3C\/svg%3E&quot;);\n        animation: spin 0.6s linear infinite;\n        \"><\/div>\n<\/div>\n<\/div><\/div>[\/vc_column_text]\t\t<\/div>\n\t<\/div>\n<\/div><\/div>[\/vc_column][\/vc_row][vc_row row_content_width=&#8220;grid&#8220; css=&#8220;.vc_custom_1643924385552{padding-top: 60px !important;padding-bottom: 60px !important;}&#8220; simple_background_color=&#8220;#101113&#8243;][vc_column offset=&#8220;vc_col-lg-6 vc_col-md-6&#8243;]<div class=\"edgtf-elements-holder   edgtf-one-column  edgtf-responsive-mode-768 \" ><div class=\"edgtf-eh-item   edgtf-horizontal-alignment-center \"  data-item-class=\"edgtf-eh-custom-4728\" data-1024-1366=\"8px 0 0 37%\" data-768-1024=\"0 0 0 15%\" data-680-768=\"10px 0 15px 0\" data-680=\"10px 0 15px 0\">\n\t<div class=\"edgtf-eh-item-inner\">\n\t\t<div class=\"edgtf-eh-item-content edgtf-eh-custom-4728\" style=\"padding: 10px 0\">\n\t\t\t<div class=\"edgtf-single-image-holder     edgtf-image-align-center\">\n    <div class=\"edgtf-si-inner\" >\n                                    <img loading=\"lazy\" decoding=\"async\" width=\"768\" height=\"548\" src=\"https:\/\/www.wolfpms.de\/wp-content\/uploads\/2022\/02\/ueber_wolfpms.jpg\" class=\"attachment-full size-full\" alt=\"\" srcset=\"https:\/\/www.wolfpms.de\/wp-content\/uploads\/2022\/02\/ueber_wolfpms.jpg 768w, https:\/\/www.wolfpms.de\/wp-content\/uploads\/2022\/02\/ueber_wolfpms-300x214.jpg 300w\" sizes=\"auto, (max-width: 768px) 100vw, 768px\" \/>\t                                    <\/div>\n<\/div>\t\t<\/div>\n\t<\/div>\n<\/div><\/div>[\/vc_column][vc_column offset=&#8220;vc_col-lg-6 vc_col-md-6&#8243;]<div class=\"edgtf-elements-holder   edgtf-one-column  edgtf-responsive-mode-768 \" ><div class=\"edgtf-eh-item    \"  data-item-class=\"edgtf-eh-custom-8856\" data-1024-1366=\"20px 14% 20px 0\" data-768-1024=\"10px 0 10px 0\" data-680-768=\"10px 0 10px 0\" data-680=\"10px 0 10px 0\">\n\t<div class=\"edgtf-eh-item-inner\">\n\t\t<div class=\"edgtf-eh-item-content edgtf-eh-custom-8856\" style=\"padding: 20px 14% 107px 0\">\n\t\t\t[vc_column_text]<\/p>\n<p style=\"color: #ffffff;\">Der K\u00fcnstler WolfPMS hat schon einige Jahre auf dem Buckel und kann aus einem reichen Erfahrungsschatz sch\u00f6pfen; egal ob Graffiti oder Kalligraphie, Hip-Hop oder deutsche Tradition \u2013 Wolf hat das alles hinter sich gelassen, verarbeitet aber die unterschiedlichsten Einfl\u00fcsse in seinen Werken. Und das sieht man.<\/p>\n<p>[\/vc_column_text][vc_empty_space]<div class=\"edgtf-iwt clearfix  edgtf-iwt-icon-left edgtf-iwt-icon-tiny\">\n\t<div class=\"edgtf-iwt-icon\">\n\t\t\t\t\t<a itemprop=\"url\" href=\"https:\/\/www.youtube.com\/channel\/UCExWX055m0RGYYdDNUeVk7A\" target=\"_blank\">\n\t\t\t\t\t\t\t\t\t    <span class=\"edgtf-icon-shortcode edgtf-normal   edgtf-icon-tiny\"  data-color=\"#efefef\">\n                    <i class=\"edgtf-icon-font-awesome fab fa-youtube edgtf-icon-element\" style=\"color: #efefef\" ><\/i>            <\/span>\n\t\t\t\t\t\t\t\t<\/a>\n\t\t\t<\/div>\n\t<div class=\"edgtf-iwt-content\" >\n\t\t\t\t\t<\/div>\n<\/div><div class=\"edgtf-iwt clearfix  edgtf-iwt-icon-left edgtf-iwt-icon-tiny\">\n\t<div class=\"edgtf-iwt-icon\">\n\t\t\t\t\t<a itemprop=\"url\" href=\"https:\/\/instagram.com\/wolf_pms\" target=\"_self\">\n\t\t\t\t\t\t\t\t\t    <span class=\"edgtf-icon-shortcode edgtf-normal   edgtf-icon-tiny\"  data-color=\"#efefef\">\n                    <i class=\"edgtf-icon-font-awesome fab fa-instagram edgtf-icon-element\" style=\"color: #efefef\" ><\/i>            <\/span>\n\t\t\t\t\t\t\t\t<\/a>\n\t\t\t<\/div>\n\t<div class=\"edgtf-iwt-content\" >\n\t\t\t\t\t<\/div>\n<\/div><div class=\"edgtf-iwt clearfix  edgtf-iwt-icon-left edgtf-iwt-icon-tiny\">\n\t<div class=\"edgtf-iwt-icon\">\n\t\t\t\t\t<a itemprop=\"url\" href=\"https:\/\/t.me\/WolfPMSoffiziell\" target=\"_blank\">\n\t\t\t\t\t\t\t\t\t    <span class=\"edgtf-icon-shortcode edgtf-normal   edgtf-icon-tiny\"  data-color=\"#efefef\">\n                    <i class=\"edgtf-icon-font-awesome fab fa-telegram edgtf-icon-element\" style=\"color: #efefef\" ><\/i>            <\/span>\n\t\t\t\t\t\t\t\t<\/a>\n\t\t\t<\/div>\n\t<div class=\"edgtf-iwt-content\" >\n\t\t\t\t\t<\/div>\n<\/div>\t\t<\/div>\n\t<\/div>\n<\/div><\/div>[\/vc_column][\/vc_row]<\/p>\n","protected":false},"excerpt":{"rendered":"<p>[vc_row][vc_column][vc_row_inner][vc_column_inner][\/vc_column_inner][\/vc_row_inner][rev_slider_vc alias=&#8220;movie-studio&#8220; enable_paspartu=&#8220;no&#8220;][\/vc_column][\/vc_row][vc_row row_content_width=&#8220;grid&#8220; css=&#8220;.vc_custom_1525691985076{padding-top: 60px !important;padding-bottom: 32px !important;}&#8220; simple_background_color=&#8220;#101113&#8243;][vc_column offset=&#8220;vc_col-lg-4 vc_col-md-4&#8243;][\/vc_column][vc_column offset=&#8220;vc_col-lg-8 vc_col-md-8&#8243;][\/vc_column][\/vc_row][vc_row row_content_width=&#8220;grid&#8220; css=&#8220;.vc_custom_1643926522071{padding-top: 60px [&hellip;]<\/p>\n","protected":false},"author":1,"featured_media":0,"parent":0,"menu_order":0,"comment_status":"closed","ping_status":"closed","template":"full-width.php","meta":{"give_campaign_id":0,"footnotes":""},"class_list":["post-289","page","type-page","status-publish","hentry"],"campaignId":"","_links":{"self":[{"href":"https:\/\/www.wolfpms.de\/index.php?rest_route=\/wp\/v2\/pages\/289","targetHints":{"allow":["GET"]}}],"collection":[{"href":"https:\/\/www.wolfpms.de\/index.php?rest_route=\/wp\/v2\/pages"}],"about":[{"href":"https:\/\/www.wolfpms.de\/index.php?rest_route=\/wp\/v2\/types\/page"}],"author":[{"embeddable":true,"href":"https:\/\/www.wolfpms.de\/index.php?rest_route=\/wp\/v2\/users\/1"}],"replies":[{"embeddable":true,"href":"https:\/\/www.wolfpms.de\/index.php?rest_route=%2Fwp%2Fv2%2Fcomments&post=289"}],"version-history":[{"count":56,"href":"https:\/\/www.wolfpms.de\/index.php?rest_route=\/wp\/v2\/pages\/289\/revisions"}],"predecessor-version":[{"id":3992,"href":"https:\/\/www.wolfpms.de\/index.php?rest_route=\/wp\/v2\/pages\/289\/revisions\/3992"}],"wp:attachment":[{"href":"https:\/\/www.wolfpms.de\/index.php?rest_route=%2Fwp%2Fv2%2Fmedia&parent=289"}],"curies":[{"name":"wp","href":"https:\/\/api.w.org\/{rel}","templated":true}]}}